{"id":124,"date":"2021-01-11T20:50:28","date_gmt":"2021-01-11T20:50:28","guid":{"rendered":"https:\/\/hortademondonedojesusemilio.mindonium.es\/?page_id=124"},"modified":"2021-04-27T13:29:51","modified_gmt":"2021-04-27T13:29:51","slug":"quienes-somos-2","status":"publish","type":"page","link":"https:\/\/hortademondonedojesusemilio.mindonium.es\/?page_id=124","title":{"rendered":"Quienes somos"},"content":{"rendered":"\n<p>Somos un huerto familiar, donde podr\u00e1s encontrar productos de temporada.<br>Una de nuestras prioridades es presentarte el producto lo m\u00e1s natural posible ( igual que nos ense\u00f1aron nuestros mayores ).<br>trabajamos por la calidad y no por la cantidad.<\/p>\n\n\n\n<figure class=\"wp-block-image size-large is-style-default\"><img loading=\"lazy\" decoding=\"async\" width=\"400\" height=\"267\" src=\"https:\/\/hortademondonedojesusemilio.mindonium.es\/wp-content\/uploads\/2021\/04\/FB_IMG_1619423460762.jpg\" alt=\"\" class=\"wp-image-521\" srcset=\"https:\/\/hortademondonedojesusemilio.mindonium.es\/wp-content\/uploads\/2021\/04\/FB_IMG_1619423460762.jpg 400w, https:\/\/hortademondonedojesusemilio.mindonium.es\/wp-content\/uploads\/2021\/04\/FB_IMG_1619423460762-300x200.jpg 300w\" sizes=\"auto, (max-width: 400px) 100vw, 400px\" \/><\/figure>\n\n\n\n\n<b>Mis webs<\/b><br> <br> \nSer de Mondo\u00f1edo mas concretamente de San Lazaro , por eso esta pagina dedicada : <br> \n<a href=\"https:\/\/aviones.mindonium.es\/portal\/\" target=\"_blank\" rel=\"noopener\">mindonium.es<\/a>.<br> \nOtro sitio m\u00e1s dedicado a mi Mondo\u00f1edo solo con v\u00eddeos : <br> \n<a href=\"https:\/\/www.youtube.com\/user\/ecostripe\" target=\"_blank\" rel=\"noopener\">mindonium.tv<\/a>.<br> \nGustarme el aeromodelismo m\u00e1s antes que ahora ( pero solo por falta de tiempo) :<br>  <a href=\"http:\/\/www.mondonedorc.es\/\" target=\"_blank\" rel=\"noopener\">mondo\u00f1edo rc<\/a>.<br> <br> \n \nMis redes sociales<br><br>\n<b>Dedicada a Mondo\u00f1edo<\/b><br> <a href=\"https:\/\/www.facebook.com\/mindonium\" target=\"_blank\" rel=\"noopener\">Facebook :mindonium.es<\/a>.<br>\nPerfil personal : <br> <a href=\"https:\/\/www.facebook.com\/jesusemilio1970\" target=\"_blank\" rel=\"noopener\">Facebook : Jes\u00fas Emilio<\/a>.\n\n\n\n<p><\/p>\n\n\n\n<p><\/p>\n\n\n\n<p>. <\/p>\n\n\n\n<p><\/p>\n\n\n\n<p><\/p>\n\n\n\n<p><\/p>\n\n\n\n<p><\/p>\n\n\n\n<p><\/p>\n\n\n\n<p><\/p>\n\n\n\n<p><\/p>\n\n\n\n<p><\/p>\n\n\n\n<!-- mowomo-redes-sociales-icons-bar -->\n        <div class=\"mwm_rrss_contenedor mwm_rrss_appearance_6 mwm_rrss_alingment_1\">\n                            <a class=\"mwm_rrss mwm_twitter\" mwm-rrss-url=\"https:\/\/twitter.com\/intent\/tweet?text=Quienes somos https:\/\/hortademondonedojesusemilio.mindonium.es\/?page_id=124 v\u00eda @\"><i class=\"icon-rrss-twitter\"><\/i><\/a>\n            \n                            <a class=\"mwm_rrss mwm_facebook\" mwm-rrss-url=\"https:\/\/www.facebook.com\/sharer\/sharer.php?u=https:\/\/hortademondonedojesusemilio.mindonium.es\/?page_id=124\"><i class=\"icon-rrss-facebook\"><\/i><\/a>\n            \n                            <a class=\"mwm_rrss mwm_pinterest\" mwm-rrss-url=\"http:\/\/pinterest.com\/pin\/create\/button\/?url=https:\/\/hortademondonedojesusemilio.mindonium.es\/?page_id=124&media=&description=Quienes somos\"><i class=\"icon-rrss-pinterest\"><\/i> <\/a>\n            \n                            <a class=\"mwm_rrss mwm_linkedin\" mwm-rrss-url=\"https:\/\/www.linkedin.com\/shareArticle?mini=true&url=https:\/\/hortademondonedojesusemilio.mindonium.es\/?page_id=124&title=Quienes somos&source=\"><i class=\"icon-rrss-linkedin\"><\/i> <\/a>\n            \n                            <a class=\"mwm_rrss mwm_whatsapp\" mwm-rrss-url=\"https:\/\/api.whatsapp.com\/send?text=Quienes somos \u2013 https:\/\/hortademondonedojesusemilio.mindonium.es\/?page_id=124\" ><i class=\"icon-rrss-whatsapp\"><\/i> <\/a>\n                    <\/div>\n    \n\n\n\n\n\n<p><\/p>\n","protected":false},"excerpt":{"rendered":"<p>Somos un huerto familiar, donde podr\u00e1s encontrar productos de temporada.Una de nuestras prioridades es presentarte [&hellip;]<\/p>\n","protected":false},"author":1,"featured_media":0,"parent":0,"menu_order":0,"comment_status":"closed","ping_status":"closed","template":"","meta":{"footnotes":""},"class_list":["post-124","page","type-page","status-publish","hentry"],"_links":{"self":[{"href":"https:\/\/hortademondonedojesusemilio.mindonium.es\/index.php?rest_route=\/wp\/v2\/pages\/124","targetHints":{"allow":["GET"]}}],"collection":[{"href":"https:\/\/hortademondonedojesusemilio.mindonium.es\/index.php?rest_route=\/wp\/v2\/pages"}],"about":[{"href":"https:\/\/hortademondonedojesusemilio.mindonium.es\/index.php?rest_route=\/wp\/v2\/types\/page"}],"author":[{"embeddable":true,"href":"https:\/\/hortademondonedojesusemilio.mindonium.es\/index.php?rest_route=\/wp\/v2\/users\/1"}],"replies":[{"embeddable":true,"href":"https:\/\/hortademondonedojesusemilio.mindonium.es\/index.php?rest_route=%2Fwp%2Fv2%2Fcomments&post=124"}],"version-history":[{"count":28,"href":"https:\/\/hortademondonedojesusemilio.mindonium.es\/index.php?rest_route=\/wp\/v2\/pages\/124\/revisions"}],"predecessor-version":[{"id":522,"href":"https:\/\/hortademondonedojesusemilio.mindonium.es\/index.php?rest_route=\/wp\/v2\/pages\/124\/revisions\/522"}],"wp:attachment":[{"href":"https:\/\/hortademondonedojesusemilio.mindonium.es\/index.php?rest_route=%2Fwp%2Fv2%2Fmedia&parent=124"}],"curies":[{"name":"wp","href":"https:\/\/api.w.org\/{rel}","templated":true}]}}