{"id":107,"date":"2021-01-11T20:17:16","date_gmt":"2021-01-11T20:17:16","guid":{"rendered":"https:\/\/hortademondonedojesusemilio.mindonium.es\/?page_id=107"},"modified":"2022-03-19T00:32:56","modified_gmt":"2022-03-19T00:32:56","slug":"como-comprar","status":"publish","type":"page","link":"https:\/\/hortademondonedojesusemilio.mindonium.es\/?page_id=107","title":{"rendered":"Como comprar"},"content":{"rendered":"\n<p style=\"font-size:23px\"><mark style=\"background-color:rgba(0, 0, 0, 0);color:#59d100\" class=\"has-inline-color\"><strong>Comprar en nuestra web es muy sencillo !!<\/strong><\/mark><\/p>\n\n\n\n<p>Tan sencillo como que tienes un chat en la parte inferior izquierda donde directamente hablas con nosotros mediante WhatsApp .<\/p>\n\n\n\n<p>tambi\u00e9n en el 616017901   <\/p>\n\n\n\n<p>O tambi\u00e9n si lo prefieres , estamos en : c\/ Vi\u00f1as da Veiga n\u00ba44 , Mondo\u00f1edo , Lugo , nos haces una visita y llevas el producto m\u00e1s fresco a\u00fan porque te lo recogemos directamente.  <\/p>\n\n\n\n<p>Usamos estos m\u00e9todos porque creemos que lo primero es tener el contacto de cercan\u00eda con el cliente , y poder hablar con el para llegar a un acuerdo dado que somos nosotros los que llevamos las hortalizas directamente , a poder ser recogidas del d\u00eda a la \u00faltima hora ( con el menos sol posible ) y entregar al d\u00eda siguente.     <\/p>\n\n\n\n<p>A sique querer es poder !! pero recuerda que trabajamos para ofrecerte calidad , y no cantidad !!!<\/p>\n\n\n\n<p>A !! y por supuesto tambi\u00e9n nos vemos por los mercados !!!  <\/p>\n\n\n\n<!-- mowomo-redes-sociales-icons-bar -->\n        <div class=\"mwm_rrss_contenedor mwm_rrss_appearance_6 mwm_rrss_alingment_1\">\n                            <a class=\"mwm_rrss mwm_twitter\" mwm-rrss-url=\"https:\/\/twitter.com\/intent\/tweet?text=Como comprar https:\/\/hortademondonedojesusemilio.mindonium.es\/?page_id=107 v\u00eda @\"><i class=\"icon-rrss-twitter\"><\/i><\/a>\n            \n                            <a class=\"mwm_rrss mwm_facebook\" mwm-rrss-url=\"https:\/\/www.facebook.com\/sharer\/sharer.php?u=https:\/\/hortademondonedojesusemilio.mindonium.es\/?page_id=107\"><i class=\"icon-rrss-facebook\"><\/i><\/a>\n            \n                            <a class=\"mwm_rrss mwm_pinterest\" mwm-rrss-url=\"http:\/\/pinterest.com\/pin\/create\/button\/?url=https:\/\/hortademondonedojesusemilio.mindonium.es\/?page_id=107&media=&description=Como comprar\"><i class=\"icon-rrss-pinterest\"><\/i> <\/a>\n            \n                            <a class=\"mwm_rrss mwm_linkedin\" mwm-rrss-url=\"https:\/\/www.linkedin.com\/shareArticle?mini=true&url=https:\/\/hortademondonedojesusemilio.mindonium.es\/?page_id=107&title=Como comprar&source=\"><i class=\"icon-rrss-linkedin\"><\/i> <\/a>\n            \n                            <a class=\"mwm_rrss mwm_whatsapp\" mwm-rrss-url=\"https:\/\/api.whatsapp.com\/send?text=Como comprar \u2013 https:\/\/hortademondonedojesusemilio.mindonium.es\/?page_id=107\" ><i class=\"icon-rrss-whatsapp\"><\/i> <\/a>\n                    <\/div>\n    \n","protected":false},"excerpt":{"rendered":"<p>Comprar en nuestra web es muy sencillo !! Tan sencillo como que tienes un chat [&hellip;]<\/p>\n","protected":false},"author":1,"featured_media":0,"parent":0,"menu_order":0,"comment_status":"closed","ping_status":"closed","template":"","meta":{"footnotes":""},"class_list":["post-107","page","type-page","status-publish","hentry"],"_links":{"self":[{"href":"https:\/\/hortademondonedojesusemilio.mindonium.es\/index.php?rest_route=\/wp\/v2\/pages\/107","targetHints":{"allow":["GET"]}}],"collection":[{"href":"https:\/\/hortademondonedojesusemilio.mindonium.es\/index.php?rest_route=\/wp\/v2\/pages"}],"about":[{"href":"https:\/\/hortademondonedojesusemilio.mindonium.es\/index.php?rest_route=\/wp\/v2\/types\/page"}],"author":[{"embeddable":true,"href":"https:\/\/hortademondonedojesusemilio.mindonium.es\/index.php?rest_route=\/wp\/v2\/users\/1"}],"replies":[{"embeddable":true,"href":"https:\/\/hortademondonedojesusemilio.mindonium.es\/index.php?rest_route=%2Fwp%2Fv2%2Fcomments&post=107"}],"version-history":[{"count":13,"href":"https:\/\/hortademondonedojesusemilio.mindonium.es\/index.php?rest_route=\/wp\/v2\/pages\/107\/revisions"}],"predecessor-version":[{"id":561,"href":"https:\/\/hortademondonedojesusemilio.mindonium.es\/index.php?rest_route=\/wp\/v2\/pages\/107\/revisions\/561"}],"wp:attachment":[{"href":"https:\/\/hortademondonedojesusemilio.mindonium.es\/index.php?rest_route=%2Fwp%2Fv2%2Fmedia&parent=107"}],"curies":[{"name":"wp","href":"https:\/\/api.w.org\/{rel}","templated":true}]}}